{"id":852,"date":"2021-07-20T14:27:00","date_gmt":"2021-07-20T12:27:00","guid":{"rendered":"https:\/\/dcdostojevskeho.sk\/donska\/stravovanie\/"},"modified":"2021-07-26T19:36:44","modified_gmt":"2021-07-26T17:36:44","slug":"stravovanie","status":"publish","type":"page","link":"https:\/\/dcdostojevskeho.sk\/donska\/ru\/stravovanie\/","title":{"rendered":"Stravovanie &#8212; \u041f\u0438\u0442\u0430\u043d\u0438\u0435"},"content":{"rendered":"[vc_row type=&#187;full_width_background&#187; full_screen_row_position=&#187;middle&#187; column_margin=&#187;default&#187; equal_height=&#187;yes&#187; column_direction=&#187;default&#187; column_direction_tablet=&#187;default&#187; column_direction_phone=&#187;default&#187; bg_color=&#187;#1bbce8&#8243; bg_image=&#187;524&#8243; bg_position=&#187;left top&#187; background_image_loading=&#187;default&#187; bg_repeat=&#187;no-repeat&#187; video_bg=&#187;use_video&#187; scene_position=&#187;center&#187; top_padding=&#187;13%&#187; constrain_group_1=&#187;yes&#187; bottom_padding=&#187;13%&#187; top_padding_tablet=&#187;20%&#187; bottom_padding_tablet=&#187;25%&#187; text_color=&#187;light&#187; text_align=&#187;left&#187; row_border_radius=&#187;none&#187; row_border_radius_applies=&#187;bg&#187; color_overlay=&#187;rgba(27,188,232,0.9)&#187; overlay_strength=&#187;0.95&#8243; gradient_direction=&#187;left_to_right&#187; shape_divider_position=&#187;bottom&#187; bg_image_animation=&#187;none&#187; parallax_bg=&#187;true&#187; parallax_bg_speed=&#187;fast&#187; shape_type=&#187;curve&#187;][vc_column column_padding=&#187;no-extra-padding&#187; column_padding_tablet=&#187;inherit&#187; column_padding_phone=&#187;inherit&#187; column_padding_position=&#187;all&#187; column_element_spacing=&#187;default&#187; centered_text=&#187;true&#187; background_color_opacity=&#187;1&#8243; background_hover_color_opacity=&#187;1&#8243; column_shadow=&#187;none&#187; column_border_radius=&#187;none&#187; column_link_target=&#187;_self&#187; gradient_direction=&#187;left_to_right&#187; overlay_strength=&#187;0.3&#8243; width=&#187;1\/1&#8243; tablet_width_inherit=&#187;default&#187; tablet_text_alignment=&#187;default&#187; phone_text_alignment=&#187;default&#187; bg_image_animation=&#187;none&#187; border_type=&#187;simple&#187; column_border_width=&#187;none&#187; column_border_style=&#187;solid&#187;][vc_row_inner column_margin=&#187;none&#187; column_direction=&#187;default&#187; column_direction_tablet=&#187;default&#187; column_direction_phone=&#187;default&#187; bottom_padding=&#187;60&#8243; bottom_padding_tablet=&#187;20&#8243; text_align=&#187;left&#187;][vc_column_inner column_padding=&#187;no-extra-padding&#187; column_padding_tablet=&#187;inherit&#187; column_padding_phone=&#187;inherit&#187; column_padding_position=&#187;all&#187; column_element_spacing=&#187;default&#187; background_color_opacity=&#187;1&#8243; background_hover_color_opacity=&#187;1&#8243; column_shadow=&#187;none&#187; column_border_radius=&#187;none&#187; column_link_target=&#187;_self&#187; gradient_direction=&#187;left_to_right&#187; overlay_strength=&#187;0.3&#8243; width=&#187;1\/6&#8243; tablet_width_inherit=&#187;default&#187; bg_image_animation=&#187;none&#187; enable_animation=&#187;true&#187; animation=&#187;fade-in-from-bottom&#187; border_type=&#187;simple&#187; column_border_width=&#187;none&#187; column_border_style=&#187;solid&#187;][\/vc_column_inner][vc_column_inner column_padding=&#187;no-extra-padding&#187; column_padding_tablet=&#187;inherit&#187; column_padding_phone=&#187;inherit&#187; column_padding_position=&#187;all&#187; column_element_spacing=&#187;default&#187; background_color_opacity=&#187;1&#8243; background_hover_color_opacity=&#187;1&#8243; column_shadow=&#187;none&#187; column_border_radius=&#187;none&#187; column_link_target=&#187;_self&#187; gradient_direction=&#187;left_to_right&#187; overlay_strength=&#187;0.3&#8243; width=&#187;2\/3&#8243; tablet_width_inherit=&#187;default&#187; bg_image_animation=&#187;none&#187; enable_animation=&#187;true&#187; animation=&#187;fade-in-from-bottom&#187; border_type=&#187;simple&#187; column_border_width=&#187;none&#187; column_border_style=&#187;solid&#187;][nectar_highlighted_text color_type=&#187;gradient&#187; highlight_color=&#187;#afcc36&#8243; secondary_color=&#187;rgba(255,255,255,0.01)&#187; text_color=&#187;#ffffff&#187; style=&#187;half_text&#187; custom_font_size=&#187;10vh&#187; delay=&#187;200&#8243;]\n<h1><em>\u041f\u0438\u0442\u0430\u043d\u0438\u0435 <\/em><\/h1>\n[\/nectar_highlighted_text][\/vc_column_inner][vc_column_inner column_padding=&#187;no-extra-padding&#187; column_padding_tablet=&#187;inherit&#187; column_padding_phone=&#187;inherit&#187; column_padding_position=&#187;all&#187; column_element_spacing=&#187;default&#187; background_color_opacity=&#187;1&#8243; background_hover_color_opacity=&#187;1&#8243; column_shadow=&#187;none&#187; column_border_radius=&#187;none&#187; column_link_target=&#187;_self&#187; gradient_direction=&#187;left_to_right&#187; overlay_strength=&#187;0.3&#8243; width=&#187;1\/6&#8243; tablet_width_inherit=&#187;default&#187; bg_image_animation=&#187;none&#187; border_type=&#187;simple&#187; column_border_width=&#187;none&#187; column_border_style=&#187;solid&#187;][\/vc_column_inner][\/vc_row_inner][vc_row_inner column_margin=&#187;default&#187; column_direction=&#187;default&#187; column_direction_tablet=&#187;default&#187; column_direction_phone=&#187;default&#187; text_align=&#187;left&#187;][vc_column_inner column_padding=&#187;no-extra-padding&#187; column_padding_tablet=&#187;inherit&#187; column_padding_phone=&#187;inherit&#187; column_padding_position=&#187;all&#187; column_element_spacing=&#187;default&#187; background_color_opacity=&#187;1&#8243; background_hover_color_opacity=&#187;1&#8243; column_shadow=&#187;none&#187; column_border_radius=&#187;none&#187; column_link_target=&#187;_self&#187; gradient_direction=&#187;left_to_right&#187; overlay_strength=&#187;0.3&#8243; width=&#187;1\/1&#8243; tablet_width_inherit=&#187;default&#187; bg_image_animation=&#187;none&#187; enable_animation=&#187;true&#187; animation=&#187;fade-in-from-bottom&#187; border_type=&#187;simple&#187; column_border_width=&#187;none&#187; column_border_style=&#187;solid&#187; delay=&#187;600&#8243;][nectar_cta btn_style=&#187;next-section&#187; btn_type=&#187;minimal-arrow&#187; next_section_color=&#187;#ffffff&#187; alignment=&#187;center&#187; alignment_tablet=&#187;default&#187; alignment_phone=&#187;default&#187;][\/vc_column_inner][\/vc_row_inner][\/vc_column][\/vc_row][vc_row type=&#187;in_container&#187; full_screen_row_position=&#187;middle&#187; column_margin=&#187;default&#187; column_direction=&#187;default&#187; column_direction_tablet=&#187;default&#187; column_direction_phone=&#187;default&#187; scene_position=&#187;center&#187; top_padding=&#187;5%&#187; bottom_padding=&#187;5%&#187; top_padding_phone=&#187;10%&#187; bottom_padding_phone=&#187;10%&#187; text_color=&#187;dark&#187; text_align=&#187;left&#187; row_border_radius=&#187;none&#187; row_border_radius_applies=&#187;bg&#187; overlay_strength=&#187;0.3&#8243; gradient_direction=&#187;left_to_right&#187; shape_divider_position=&#187;bottom&#187; bg_image_animation=&#187;none&#187; shape_type=&#187;&#187;][vc_column column_padding=&#187;no-extra-padding&#187; column_padding_tablet=&#187;inherit&#187; column_padding_phone=&#187;inherit&#187; column_padding_position=&#187;all&#187; column_element_spacing=&#187;default&#187; background_color_opacity=&#187;1&#8243; background_hover_color_opacity=&#187;1&#8243; column_shadow=&#187;none&#187; column_border_radius=&#187;none&#187; column_link_target=&#187;_self&#187; gradient_direction=&#187;left_to_right&#187; overlay_strength=&#187;0.3&#8243; width=&#187;1\/1&#8243; tablet_width_inherit=&#187;default&#187; tablet_text_alignment=&#187;default&#187; phone_text_alignment=&#187;default&#187; bg_image_animation=&#187;none&#187; border_type=&#187;simple&#187; column_border_width=&#187;none&#187; column_border_style=&#187;solid&#187;][vc_custom_heading text=&#187;\u041c\u044b \u0437\u0430\u0431\u043e\u0442\u0438\u043c\u0441\u044f \u043e \u0437\u0434\u043e\u0440\u043e\u0432\u043e\u043c, \u0441\u0431\u0430\u043b\u0430\u043d\u0441\u0438\u0440\u043e\u0432\u0430\u043d\u043d\u043e\u043c \u0438 \u043a\u0430\u0447\u0435\u0441\u0442\u0432\u0435\u043d\u043d\u043e\u043c \u043f\u0438\u0442\u0430\u043d\u0438\u0438 \u0438\u0437 \u0441\u0432\u0435\u0436\u0438\u0445 \u0441\u0435\u0437\u043e\u043d\u043d\u044b\u0445 \u043f\u0440\u043e\u0434\u0443\u043a\u0442\u043e\u0432, \u0432 \u0442\u043e\u043c \u0447\u0438\u0441\u043b\u0435 \u0434\u043b\u044f \u0434\u0435\u0442\u0435\u0439 \u0441 \u0430\u043b\u043b\u0435\u0440\u0433\u0438\u0435\u0439 \u0438 \u043d\u0435\u043f\u0435\u0440\u0435\u043d\u043e\u0441\u0438\u043c\u043e\u0441\u0442\u044c\u044e.&#187; font_container=&#187;tag:h2|text_align:left|color:%23afcd36&#8243; use_theme_fonts=&#187;yes&#187; css_animation=&#187;slideInUp&#187;][vc_column_text css_animation=&#187;slideInUp&#187;]\u041f\u0438\u0442\u0430\u043d\u0438\u0435 \u0434\u043b\u044f \u043d\u0430\u0448\u0435\u0433\u043e \u0434\u0435\u0442\u0441\u043a\u043e\u0433\u043e \u0441\u0430\u0434\u0430 \u0433\u043e\u0442\u043e\u0432\u0438\u0442 \u0438\u0437\u0432\u0435\u0441\u0442\u043d\u0430\u044f \u0441\u0435\u0440\u0442\u0438\u0444\u0438\u0446\u0438\u0440\u043e\u0432\u0430\u043d\u043d\u0430\u044f \u043a\u043e\u043c\u043f\u0430\u043d\u0438\u044f FOODI, \u0438\u043c\u0435\u044e\u0449\u0430\u044f \u043c\u043d\u043e\u0433\u043e\u043b\u0435\u0442\u043d\u0438\u0439 \u043e\u043f\u044b\u0442 \u0438 \u0441\u043e\u0442\u0440\u0443\u0434\u043d\u0438\u0447\u0435\u0441\u0442\u0432\u043e \u0441 \u044d\u043a\u0441\u043f\u0435\u0440\u0442\u0430\u043c\u0438 \u0438 \u0434\u0438\u0435\u0442\u043e\u043b\u043e\u0433\u0430\u043c\u0438. \u041e\u043d\u0438 \u0433\u043e\u0442\u043e\u0432\u044f\u0442 \u043a\u0430\u0447\u0435\u0441\u0442\u0432\u0435\u043d\u043d\u0443\u044e \u0438 \u0432\u043a\u0443\u0441\u043d\u0443\u044e \u043e\u0431\u044b\u0447\u043d\u0443\u044e \u0434\u0438\u0435\u0442\u0443, \u043e\u0440\u0433\u0430\u043d\u0438\u0447\u0435\u0441\u043a\u0443\u044e \u0438\u043b\u0438 \u0441\u043f\u0435\u0446\u0438\u0430\u043b\u044c\u043d\u0443\u044e \u0434\u0438\u0435\u0442\u0443 \u0434\u043b\u044f \u0441\u0442\u0440\u0430\u0434\u0430\u044e\u0449\u0438\u0445 \u0430\u043b\u043b\u0435\u0440\u0433\u0438\u0435\u0439 \u0438\u043b\u0438 \u0446\u0435\u043b\u0438\u0430\u043a\u0438\u0435\u0439.[\/vc_column_text][\/vc_column][\/vc_row][vc_row type=&#187;in_container&#187; full_screen_row_position=&#187;middle&#187; column_margin=&#187;default&#187; column_direction=&#187;default&#187; column_direction_tablet=&#187;default&#187; column_direction_phone=&#187;default&#187; scene_position=&#187;center&#187; bottom_padding=&#187;5%&#187; bottom_padding_phone=&#187;10%&#187; text_color=&#187;dark&#187; text_align=&#187;left&#187; row_border_radius=&#187;none&#187; row_border_radius_applies=&#187;bg&#187; overlay_strength=&#187;0.3&#8243; gradient_direction=&#187;left_to_right&#187; shape_divider_position=&#187;bottom&#187; bg_image_animation=&#187;none&#187; shape_type=&#187;&#187;][vc_column column_padding=&#187;no-extra-padding&#187; column_padding_tablet=&#187;inherit&#187; column_padding_phone=&#187;inherit&#187; column_padding_position=&#187;all&#187; column_element_spacing=&#187;default&#187; background_color_opacity=&#187;1&#8243; background_hover_color_opacity=&#187;1&#8243; column_shadow=&#187;none&#187; column_border_radius=&#187;none&#187; column_link_target=&#187;_self&#187; gradient_direction=&#187;left_to_right&#187; overlay_strength=&#187;0.3&#8243; width=&#187;1\/1&#8243; tablet_width_inherit=&#187;default&#187; tablet_text_alignment=&#187;default&#187; phone_text_alignment=&#187;default&#187; bg_image_animation=&#187;none&#187; border_type=&#187;simple&#187; column_border_width=&#187;none&#187; column_border_style=&#187;solid&#187;][image_with_animation image_url=&#187;522&#8243; animation=&#187;Fade In&#187; hover_animation=&#187;none&#187; alignment=&#187;&#187; border_radius=&#187;none&#187; box_shadow=&#187;none&#187; image_loading=&#187;default&#187; max_width=&#187;100%&#187; max_width_mobile=&#187;default&#187;][\/vc_column][\/vc_row]\n","protected":false},"excerpt":{"rendered":"<p>[vc_row type=&#187;full_width_background&#187; full_screen_row_position=&#187;middle&#187; column_margin=&#187;default&#187; equal_height=&#187;yes&#187; column_direction=&#187;default&#187; column_direction_tablet=&#187;default&#187; column_direction_phone=&#187;default&#187; bg_color=&#187;#1bbce8&#8243; bg_image=&#187;524&#8243; bg_position=&#187;left top&#187; background_image_loading=&#187;default&#187; bg_repeat=&#187;no-repeat&#187; video_bg=&#187;use_video&#187; scene_position=&#187;center&#187; top_padding=&#187;13%&#187; constrain_group_1=&#187;yes&#187; bottom_padding=&#187;13%&#187; top_padding_tablet=&#187;20%&#187; bottom_padding_tablet=&#187;25%&#187; text_color=&#187;light&#187; text_align=&#187;left&#187; row_border_radius=&#187;none&#187; row_border_radius_applies=&#187;bg&#187; color_overlay=&#187;rgba(27,188,232,0.9)&#187; overlay_strength=&#187;0.95&#8243; gradient_direction=&#187;left_to_right&#187; shape_divider_position=&#187;bottom&#187; bg_image_animation=&#187;none&#187;&#8230;<\/p>\n","protected":false},"author":1,"featured_media":0,"parent":0,"menu_order":0,"comment_status":"closed","ping_status":"closed","template":"","meta":{"footnotes":""},"class_list":["post-852","page","type-page","status-publish"],"yoast_head":"<!-- This site is optimized with the Yoast SEO Premium plugin v25.0 (Yoast SEO v25.0) - https:\/\/yoast.com\/wordpress\/plugins\/seo\/ -->\n<title>Stravovanie - \u041f\u0438\u0442\u0430\u043d\u0438\u0435 - S\u00fakromn\u00e1 matersk\u00e1 \u0161kola Dostojevsk\u00e9ho<\/title>\n<meta name=\"robots\" content=\"index, follow, max-snippet:-1, max-image-preview:large, max-video-preview:-1\" \/>\n<link rel=\"canonical\" href=\"https:\/\/dcdostojevskeho.sk\/donska\/ru\/stravovanie\/\" \/>\n<meta property=\"og:locale\" content=\"ru_RU\" \/>\n<meta property=\"og:type\" content=\"article\" \/>\n<meta property=\"og:title\" content=\"Stravovanie - \u041f\u0438\u0442\u0430\u043d\u0438\u0435\" \/>\n<meta property=\"og:description\" content=\"[vc_row type=&#187;full_width_background&#187; full_screen_row_position=&#187;middle&#187; column_margin=&#187;default&#187; equal_height=&#187;yes&#187; column_direction=&#187;default&#187; column_direction_tablet=&#187;default&#187; column_direction_phone=&#187;default&#187; bg_color=&#187;#1bbce8&#8243; bg_image=&#187;524&#8243; bg_position=&#187;left top&#187; background_image_loading=&#187;default&#187; bg_repeat=&#187;no-repeat&#187; video_bg=&#187;use_video&#187; scene_position=&#187;center&#187; top_padding=&#187;13%&#187; constrain_group_1=&#187;yes&#187; bottom_padding=&#187;13%&#187; top_padding_tablet=&#187;20%&#187; bottom_padding_tablet=&#187;25%&#187; text_color=&#187;light&#187; text_align=&#187;left&#187; row_border_radius=&#187;none&#187; row_border_radius_applies=&#187;bg&#187; color_overlay=&#187;rgba(27,188,232,0.9)&#187; overlay_strength=&#187;0.95&#8243; gradient_direction=&#187;left_to_right&#187; shape_divider_position=&#187;bottom&#187; bg_image_animation=&#187;none&#187;...\" \/>\n<meta property=\"og:url\" content=\"https:\/\/dcdostojevskeho.sk\/donska\/ru\/stravovanie\/\" \/>\n<meta property=\"og:site_name\" content=\"S\u00fakromn\u00e1 matersk\u00e1 \u0161kola Dostojevsk\u00e9ho\" \/>\n<meta property=\"article:publisher\" content=\"https:\/\/www.facebook.com\/dcdostojevskeho\/\" \/>\n<meta property=\"article:modified_time\" content=\"2021-07-26T17:36:44+00:00\" \/>\n<meta name=\"twitter:card\" content=\"summary_large_image\" \/>\n<meta name=\"twitter:label1\" content=\"\u041f\u0440\u0438\u043c\u0435\u0440\u043d\u043e\u0435 \u0432\u0440\u0435\u043c\u044f \u0434\u043b\u044f \u0447\u0442\u0435\u043d\u0438\u044f\" \/>\n\t<meta name=\"twitter:data1\" content=\"5 \u043c\u0438\u043d\u0443\u0442\" \/>\n<script type=\"application\/ld+json\" class=\"yoast-schema-graph\">{\"@context\":\"https:\/\/schema.org\",\"@graph\":[{\"@type\":\"WebPage\",\"@id\":\"https:\/\/dcdostojevskeho.sk\/donska\/ru\/stravovanie\/\",\"url\":\"https:\/\/dcdostojevskeho.sk\/donska\/ru\/stravovanie\/\",\"name\":\"Stravovanie - \u041f\u0438\u0442\u0430\u043d\u0438\u0435 - S\u00fakromn\u00e1 matersk\u00e1 \u0161kola Dostojevsk\u00e9ho\",\"isPartOf\":{\"@id\":\"https:\/\/dcdostojevskeho.sk\/donska\/#website\"},\"datePublished\":\"2021-07-20T12:27:00+00:00\",\"dateModified\":\"2021-07-26T17:36:44+00:00\",\"breadcrumb\":{\"@id\":\"https:\/\/dcdostojevskeho.sk\/donska\/ru\/stravovanie\/#breadcrumb\"},\"inLanguage\":\"ru-RU\",\"potentialAction\":[{\"@type\":\"ReadAction\",\"target\":[\"https:\/\/dcdostojevskeho.sk\/donska\/ru\/stravovanie\/\"]}]},{\"@type\":\"BreadcrumbList\",\"@id\":\"https:\/\/dcdostojevskeho.sk\/donska\/ru\/stravovanie\/#breadcrumb\",\"itemListElement\":[{\"@type\":\"ListItem\",\"position\":1,\"name\":\"Domovsk\u00e1 str\u00e1nka\",\"item\":\"https:\/\/dcdostojevskeho.sk\/donska\/ru\/\"},{\"@type\":\"ListItem\",\"position\":2,\"name\":\"Stravovanie &#8212; \u041f\u0438\u0442\u0430\u043d\u0438\u0435\"}]},{\"@type\":\"WebSite\",\"@id\":\"https:\/\/dcdostojevskeho.sk\/donska\/#website\",\"url\":\"https:\/\/dcdostojevskeho.sk\/donska\/\",\"name\":\"S\u00fakromn\u00e1 matersk\u00e1 \u0161kola Dostojevsk\u00e9ho rad 1, Bratislava\",\"description\":\"Len \u010fal\u0161ia WordPress str\u00e1nka\",\"publisher\":{\"@id\":\"https:\/\/dcdostojevskeho.sk\/donska\/#organization\"},\"potentialAction\":[{\"@type\":\"SearchAction\",\"target\":{\"@type\":\"EntryPoint\",\"urlTemplate\":\"https:\/\/dcdostojevskeho.sk\/donska\/?s={search_term_string}\"},\"query-input\":{\"@type\":\"PropertyValueSpecification\",\"valueRequired\":true,\"valueName\":\"search_term_string\"}}],\"inLanguage\":\"ru-RU\"},{\"@type\":\"Organization\",\"@id\":\"https:\/\/dcdostojevskeho.sk\/donska\/#organization\",\"name\":\"S\u00fakromn\u00e1 matersk\u00e1 \u0161kola Dostojevsk\u00e9ho rad 1, Bratislava\",\"url\":\"https:\/\/dcdostojevskeho.sk\/donska\/\",\"logo\":{\"@type\":\"ImageObject\",\"inLanguage\":\"ru-RU\",\"@id\":\"https:\/\/dcdostojevskeho.sk\/donska\/#\/schema\/logo\/image\/\",\"url\":\"https:\/\/dcdostojevskeho.sk\/donska\/wp-content\/uploads\/2021\/07\/fb-cover.jpg\",\"contentUrl\":\"https:\/\/dcdostojevskeho.sk\/donska\/wp-content\/uploads\/2021\/07\/fb-cover.jpg\",\"width\":1200,\"height\":630,\"caption\":\"S\u00fakromn\u00e1 matersk\u00e1 \u0161kola Dostojevsk\u00e9ho rad 1, Bratislava\"},\"image\":{\"@id\":\"https:\/\/dcdostojevskeho.sk\/donska\/#\/schema\/logo\/image\/\"},\"sameAs\":[\"https:\/\/www.facebook.com\/dcdostojevskeho\/\"]}]}<\/script>\n<!-- \/ Yoast SEO Premium plugin. -->","yoast_head_json":{"title":"Stravovanie - \u041f\u0438\u0442\u0430\u043d\u0438\u0435 - S\u00fakromn\u00e1 matersk\u00e1 \u0161kola Dostojevsk\u00e9ho","robots":{"index":"index","follow":"follow","max-snippet":"max-snippet:-1","max-image-preview":"max-image-preview:large","max-video-preview":"max-video-preview:-1"},"canonical":"https:\/\/dcdostojevskeho.sk\/donska\/ru\/stravovanie\/","og_locale":"ru_RU","og_type":"article","og_title":"Stravovanie - \u041f\u0438\u0442\u0430\u043d\u0438\u0435","og_description":"[vc_row type=&#187;full_width_background&#187; full_screen_row_position=&#187;middle&#187; column_margin=&#187;default&#187; equal_height=&#187;yes&#187; column_direction=&#187;default&#187; column_direction_tablet=&#187;default&#187; column_direction_phone=&#187;default&#187; bg_color=&#187;#1bbce8&#8243; bg_image=&#187;524&#8243; bg_position=&#187;left top&#187; background_image_loading=&#187;default&#187; bg_repeat=&#187;no-repeat&#187; video_bg=&#187;use_video&#187; scene_position=&#187;center&#187; top_padding=&#187;13%&#187; constrain_group_1=&#187;yes&#187; bottom_padding=&#187;13%&#187; top_padding_tablet=&#187;20%&#187; bottom_padding_tablet=&#187;25%&#187; text_color=&#187;light&#187; text_align=&#187;left&#187; row_border_radius=&#187;none&#187; row_border_radius_applies=&#187;bg&#187; color_overlay=&#187;rgba(27,188,232,0.9)&#187; overlay_strength=&#187;0.95&#8243; gradient_direction=&#187;left_to_right&#187; shape_divider_position=&#187;bottom&#187; bg_image_animation=&#187;none&#187;...","og_url":"https:\/\/dcdostojevskeho.sk\/donska\/ru\/stravovanie\/","og_site_name":"S\u00fakromn\u00e1 matersk\u00e1 \u0161kola Dostojevsk\u00e9ho","article_publisher":"https:\/\/www.facebook.com\/dcdostojevskeho\/","article_modified_time":"2021-07-26T17:36:44+00:00","twitter_card":"summary_large_image","twitter_misc":{"\u041f\u0440\u0438\u043c\u0435\u0440\u043d\u043e\u0435 \u0432\u0440\u0435\u043c\u044f \u0434\u043b\u044f \u0447\u0442\u0435\u043d\u0438\u044f":"5 \u043c\u0438\u043d\u0443\u0442"},"schema":{"@context":"https:\/\/schema.org","@graph":[{"@type":"WebPage","@id":"https:\/\/dcdostojevskeho.sk\/donska\/ru\/stravovanie\/","url":"https:\/\/dcdostojevskeho.sk\/donska\/ru\/stravovanie\/","name":"Stravovanie - \u041f\u0438\u0442\u0430\u043d\u0438\u0435 - S\u00fakromn\u00e1 matersk\u00e1 \u0161kola Dostojevsk\u00e9ho","isPartOf":{"@id":"https:\/\/dcdostojevskeho.sk\/donska\/#website"},"datePublished":"2021-07-20T12:27:00+00:00","dateModified":"2021-07-26T17:36:44+00:00","breadcrumb":{"@id":"https:\/\/dcdostojevskeho.sk\/donska\/ru\/stravovanie\/#breadcrumb"},"inLanguage":"ru-RU","potentialAction":[{"@type":"ReadAction","target":["https:\/\/dcdostojevskeho.sk\/donska\/ru\/stravovanie\/"]}]},{"@type":"BreadcrumbList","@id":"https:\/\/dcdostojevskeho.sk\/donska\/ru\/stravovanie\/#breadcrumb","itemListElement":[{"@type":"ListItem","position":1,"name":"Domovsk\u00e1 str\u00e1nka","item":"https:\/\/dcdostojevskeho.sk\/donska\/ru\/"},{"@type":"ListItem","position":2,"name":"Stravovanie &#8212; \u041f\u0438\u0442\u0430\u043d\u0438\u0435"}]},{"@type":"WebSite","@id":"https:\/\/dcdostojevskeho.sk\/donska\/#website","url":"https:\/\/dcdostojevskeho.sk\/donska\/","name":"S\u00fakromn\u00e1 matersk\u00e1 \u0161kola Dostojevsk\u00e9ho rad 1, Bratislava","description":"Len \u010fal\u0161ia WordPress str\u00e1nka","publisher":{"@id":"https:\/\/dcdostojevskeho.sk\/donska\/#organization"},"potentialAction":[{"@type":"SearchAction","target":{"@type":"EntryPoint","urlTemplate":"https:\/\/dcdostojevskeho.sk\/donska\/?s={search_term_string}"},"query-input":{"@type":"PropertyValueSpecification","valueRequired":true,"valueName":"search_term_string"}}],"inLanguage":"ru-RU"},{"@type":"Organization","@id":"https:\/\/dcdostojevskeho.sk\/donska\/#organization","name":"S\u00fakromn\u00e1 matersk\u00e1 \u0161kola Dostojevsk\u00e9ho rad 1, Bratislava","url":"https:\/\/dcdostojevskeho.sk\/donska\/","logo":{"@type":"ImageObject","inLanguage":"ru-RU","@id":"https:\/\/dcdostojevskeho.sk\/donska\/#\/schema\/logo\/image\/","url":"https:\/\/dcdostojevskeho.sk\/donska\/wp-content\/uploads\/2021\/07\/fb-cover.jpg","contentUrl":"https:\/\/dcdostojevskeho.sk\/donska\/wp-content\/uploads\/2021\/07\/fb-cover.jpg","width":1200,"height":630,"caption":"S\u00fakromn\u00e1 matersk\u00e1 \u0161kola Dostojevsk\u00e9ho rad 1, Bratislava"},"image":{"@id":"https:\/\/dcdostojevskeho.sk\/donska\/#\/schema\/logo\/image\/"},"sameAs":["https:\/\/www.facebook.com\/dcdostojevskeho\/"]}]}},"_links":{"self":[{"href":"https:\/\/dcdostojevskeho.sk\/donska\/ru\/wp-json\/wp\/v2\/pages\/852","targetHints":{"allow":["GET"]}}],"collection":[{"href":"https:\/\/dcdostojevskeho.sk\/donska\/ru\/wp-json\/wp\/v2\/pages"}],"about":[{"href":"https:\/\/dcdostojevskeho.sk\/donska\/ru\/wp-json\/wp\/v2\/types\/page"}],"author":[{"embeddable":true,"href":"https:\/\/dcdostojevskeho.sk\/donska\/ru\/wp-json\/wp\/v2\/users\/1"}],"replies":[{"embeddable":true,"href":"https:\/\/dcdostojevskeho.sk\/donska\/ru\/wp-json\/wp\/v2\/comments?post=852"}],"version-history":[{"count":3,"href":"https:\/\/dcdostojevskeho.sk\/donska\/ru\/wp-json\/wp\/v2\/pages\/852\/revisions"}],"predecessor-version":[{"id":875,"href":"https:\/\/dcdostojevskeho.sk\/donska\/ru\/wp-json\/wp\/v2\/pages\/852\/revisions\/875"}],"wp:attachment":[{"href":"https:\/\/dcdostojevskeho.sk\/donska\/ru\/wp-json\/wp\/v2\/media?parent=852"}],"curies":[{"name":"wp","href":"https:\/\/api.w.org\/{rel}","templated":true}]}}